{"id":16,"date":"2020-02-29T15:13:29","date_gmt":"2020-02-29T15:13:29","guid":{"rendered":"http:\/\/arche-gemeinschaft-erlangen.de\/?page_id=16"},"modified":"2020-03-07T16:48:19","modified_gmt":"2020-03-07T16:48:19","slug":"ueber-uns","status":"publish","type":"page","link":"https:\/\/arche-gemeinschaft-erlangen.de\/?page_id=16","title":{"rendered":"\u00dcber uns"},"content":{"rendered":"\n<p>Die Arche-Gemeinschaft ist eine evangelische\nFreikirche. Die Beziehung zu Jesus Christus ist unsere gemeinsame Basis. In der\nGemeinschaft miteinander wollen wir lernen, unser allt\u00e4gliches Leben immer mehr\nan ihm auszurichten.<\/p>\n\n\n\n<p>Unser Motto ist, Gemeinde als gro\u00dfe Familie zu leben:\nwir feiern fr\u00f6hliche Gottesdienste und treffen uns regelm\u00e4\u00dfig in Hauskreisen.\nGebet und Lobpreis sind uns ebenso wichtig wie gemeinsame Feiern und Freizeiten.<\/p>\n\n\n\n<p>Unser Ziel ist, Jung und Alt, Familien mit Kindern,\nAlleinerziehende und Singles f\u00fcr Jesus zu begeistern. Wir wollen einander\nhelfen, unsere Begabungen zum Aufbau des Reiches Gottes innerhalb und au\u00dferhalb\nder Gemeinde einzubringen.<\/p>\n\n\n\n<p>Wir \u00fcbernehmen auch Verantwortung f\u00fcr unsere Stadt:\nwir sind in der evangelischen Allianz mit anderen Gemeinden verbunden und\nengagieren uns in lokalen und \u00fcberregionalen sozialen und missionarischen\nProjekten.<\/p>\n\n\n\n<p>Sie sind herzlich willkommen, uns zu unseren Gottesdiensten zu besuchen \u2013 Details finden Sie <a href=\"https:\/\/arche-gemeinschaft-erlangen.de\/?page_id=20\">hier<\/a>.<\/p>\n\n\n\n<p><\/p>\n","protected":false},"excerpt":{"rendered":"<p>Die Arche-Gemeinschaft ist eine evangelische Freikirche. Die Beziehung zu Jesus Christus ist unsere gemeinsame Basis. In der Gemeinschaft miteinander wollen wir lernen, unser allt\u00e4gliches Leben immer mehr an ihm auszurichten. Unser Motto ist, Gemeinde als gro\u00dfe Familie zu leben: wir feiern fr\u00f6hliche Gottesdienste und treffen uns regelm\u00e4\u00dfig in Hauskreisen. Gebet<a class=\"moretag\" href=\"https:\/\/arche-gemeinschaft-erlangen.de\/?page_id=16\"> Weiterlesen<\/a><\/p>\n","protected":false},"author":1,"featured_media":0,"parent":0,"menu_order":0,"comment_status":"closed","ping_status":"closed","template":"","meta":[],"_links":{"self":[{"href":"https:\/\/arche-gemeinschaft-erlangen.de\/index.php?rest_route=\/wp\/v2\/pages\/16"}],"collection":[{"href":"https:\/\/arche-gemeinschaft-erlangen.de\/index.php?rest_route=\/wp\/v2\/pages"}],"about":[{"href":"https:\/\/arche-gemeinschaft-erlangen.de\/index.php?rest_route=\/wp\/v2\/types\/page"}],"author":[{"embeddable":true,"href":"https:\/\/arche-gemeinschaft-erlangen.de\/index.php?rest_route=\/wp\/v2\/users\/1"}],"replies":[{"embeddable":true,"href":"https:\/\/arche-gemeinschaft-erlangen.de\/index.php?rest_route=%2Fwp%2Fv2%2Fcomments&post=16"}],"version-history":[{"count":4,"href":"https:\/\/arche-gemeinschaft-erlangen.de\/index.php?rest_route=\/wp\/v2\/pages\/16\/revisions"}],"predecessor-version":[{"id":176,"href":"https:\/\/arche-gemeinschaft-erlangen.de\/index.php?rest_route=\/wp\/v2\/pages\/16\/revisions\/176"}],"wp:attachment":[{"href":"https:\/\/arche-gemeinschaft-erlangen.de\/index.php?rest_route=%2Fwp%2Fv2%2Fmedia&parent=16"}],"curies":[{"name":"wp","href":"https:\/\/api.w.org\/{rel}","templated":true}]}}